{"id":2289,"date":"2023-12-16T20:51:29","date_gmt":"2023-12-16T19:51:29","guid":{"rendered":"https:\/\/www.asiapost.se\/ku\/?page_id=2289"},"modified":"2025-06-08T00:04:52","modified_gmt":"2025-06-07T22:04:52","slug":"service-points","status":"publish","type":"page","link":"https:\/\/www.asiapost.se\/ku\/service-points\/","title":{"rendered":"\u0633\u06d5\u0646\u062a\u06d5\u0631\u06d5\u06a9\u0627\u0646\u06cc \u062e\u0632\u0645\u06d5\u062a\u06af\u0648\u0632\u0627\u0631\u06cc"},"content":{"rendered":"\t\t<div data-elementor-type=\"wp-page\" data-elementor-id=\"2289\" class=\"elementor elementor-2289\" data-elementor-post-type=\"page\">\n\t\t\t\t\t\t<section class=\"penci-section penci-disSticky penci-structure-10 elementor-section elementor-top-section elementor-element elementor-element-55f4dcaf elementor-section-boxed elementor-section-height-default elementor-section-height-default\" data-id=\"55f4dcaf\" data-element_type=\"section\">\n\t\t\t\t\t\t<div class=\"elementor-container elementor-column-gap-no\">\n\t\t\t\t\t<div class=\"penci-ercol-100 penci-ercol-order-1 penci-sticky-ct    elementor-column elementor-col-100 elementor-top-column elementor-element elementor-element-43d8d557\" data-id=\"43d8d557\" data-element_type=\"column\">\n\t\t\t<div class=\"elementor-widget-wrap elementor-element-populated\">\n\t\t\t\t\t\t<div class=\"elementor-element elementor-element-47e6a2ac elementor-widget elementor-widget-penci-fancy_heading\" data-id=\"47e6a2ac\" data-element_type=\"widget\" data-widget_type=\"penci-fancy_heading.default\">\n\t\t\t\t<div class=\"elementor-widget-container\">\n\t\t\t\t\t\t\t<div class=\"penci-fancy-heading penci-heading-text-center\">\n\t\t\t<div class=\"penci-fancy-heading-inner\">\n\t\t\t\t<h2 class=\"penci-heading-title\"><span class=\"inner-tit\">\u0628\u06d5\u062e\u06ce\u0631 \u0628\u06ce\u0646 \u0628\u06c6 \u0633\u06d5\u0646\u062a\u06d5\u0631\u06d5\u06a9\u0627\u0646\u06cc \u062e\u0632\u0645\u06d5\u062a\u06af\u0648\u0632\u0627\u0631\u06cc \u0626\u0627\u0633\u06cc\u0627 \u067e\u06c6\u0633\u062a<\/span><\/h2><div class=\"penci-heading-content entry-content\"><p>\u0633\u06d5\u0646\u062a\u06d5\u0631\u06d5\u06a9\u0627\u0646\u06cc \u062e\u0632\u0645\u06d5\u062a\u06af\u0648\u0632\u0627\u0631\u06cc \u06a9\u06c6\u0645\u067e\u0627\u0646\u06cc\u0627\u06cc \u0626\u0627\u0633\u06cc\u0627 \u067e\u06c6\u0633\u062a \u0644\u06d5 \u062e\u0632\u0645\u06d5\u062a\u06cc \u0626\u06ce\u0648\u06d5 \u062f\u0627\u06cc\u06d5<\/p>\n<\/div>\t\t\t<\/div>\n\t\t<\/div>\n\t\t\t\t\t\t<\/div>\n\t\t\t\t<\/div>\n\t\t\t\t\t<\/div>\n\t\t<\/div>\n\t\t\t\t\t<\/div>\n\t\t<\/section>\n\t\t\t\t<section class=\"penci-section penci-disSticky penci-structure-30 elementor-section elementor-top-section elementor-element elementor-element-1272e1a3 elementor-section-boxed elementor-section-height-default elementor-section-height-default\" data-id=\"1272e1a3\" data-element_type=\"section\">\n\t\t\t\t\t\t<div class=\"elementor-container elementor-column-gap-extended\">\n\t\t\t\t\t<div class=\"penci-ercol-33 penci-ercol-order-1 penci-sticky-sb penci-sidebarSC   elementor-column elementor-col-33 elementor-top-column elementor-element elementor-element-5f3f988\" data-id=\"5f3f988\" data-element_type=\"column\">\n\t\t\t<div class=\"elementor-widget-wrap elementor-element-populated\">\n\t\t\t\t\t\t<div class=\"elementor-element elementor-element-90ab919 elementor-widget elementor-widget-penci-text-block\" data-id=\"90ab919\" data-element_type=\"widget\" data-widget_type=\"penci-text-block.default\">\n\t\t\t\t<div class=\"elementor-widget-container\">\n\t\t\t\t\t\t\t<div class=\"penci-block-vc penci-text-editor\">\n\t\t\t    <div class=\"penci-border-arrow penci-homepage-title penci-home-latest-posts style-12 pcalign-center pciconp-left pcicon-left block-title-icon-left\">\n        <h3 class=\"inner-arrow\">\n        <span>\n                    <span>G\u00f6teborg<\/a>                <\/span>\n        <\/h3>\n\t\t        <\/div>\n\t\t\t\t\t<div class=\"penci-block_content\">\n\t\t\t\t<div class=\"elementor-text-editor elementor-clearfix\"><p style=\"text-align: center;\"><strong><span style=\"font-family: times new roman, times, serif;\">R\u00e4vebergsv\u00e4gen 116<\/span><\/strong><br \/><strong><span style=\"font-family: times new roman, times, serif;\">424 67 Angered<\/span><\/strong><br \/><strong><span style=\"font-family: times new roman, times, serif;\">Tel: 0722967771<\/span><\/strong><\/p><\/div>\n\t\t\t<\/div>\n\t\t<\/div>\n\t\t\t\t\t\t<\/div>\n\t\t\t\t<\/div>\n\t\t\t\t<div class=\"elementor-element elementor-element-5850388 elementor-widget elementor-widget-text-editor\" data-id=\"5850388\" data-element_type=\"widget\" data-widget_type=\"text-editor.default\">\n\t\t\t\t<div class=\"elementor-widget-container\">\n\t\t\t\t\t\t\t\t\t<p><iframe style=\"border: 0;\" src=\"https:\/\/www.google.com\/maps\/embed?pb=!1m18!1m12!1m3!1d4251.80964598301!2d12.039754077191892!3d57.80296483225003!2m3!1f0!2f0!3f0!3m2!1i1024!2i768!4f13.1!3m3!1m2!1s0x46455f7f0293d0e5%3A0xfacbcda0bf1d356!2sR%C3%A4vebergsv%C3%A4gen%20116%2C%20424%2067%20Angered!5e0!3m2!1ssv!2sse!4v1749333804178!5m2!1ssv!2sse\" width=\"300\" height=\"250\" allowfullscreen=\"allowfullscreen\"><span style=\"display: inline-block; width: 0px; overflow: hidden; line-height: 0;\" data-mce-type=\"bookmark\" class=\"mce_SELRES_start\">\ufeff<\/span><\/iframe><\/p>\t\t\t\t\t\t\t\t<\/div>\n\t\t\t\t<\/div>\n\t\t\t\t<div class=\"elementor-element elementor-element-68b33323 elementor-widget elementor-widget-penci-button\" data-id=\"68b33323\" data-element_type=\"widget\" data-widget_type=\"penci-button.default\">\n\t\t\t\t<div class=\"elementor-widget-container\">\n\t\t\t\t\t\t\t<div class=\"pcbtn-wrapper pcbtn-align-center\">\n\t\t\t<a class=\"pcbtn pcbtn-icon-left\" \n\t\t\t\t\t\t\t\t\t\t\t\thref=\"https:\/\/www.asiapost.se\/ku\/contact-us\/\">\n\t\t\t\t<span class=\"pcbtn-wrapperin\">\n\t\t\t\t\t<span class=\"pcbtn-content\">\n\t\t\t\t\t\t\t\t\t\t\u0632\u0627\u0646\u06cc\u0627\u0631\u06cc \u0632\u06cc\u0627\u062a\u0631...\t\t\t<\/span>\n\t\t\t\t\t\t\t\t\t<\/span>\n\t\t\t<\/a>\n\t\t<\/div>\n\t\t\t\t\t\t<\/div>\n\t\t\t\t<\/div>\n\t\t\t\t\t<\/div>\n\t\t<\/div>\n\t\t\t\t<div class=\"penci-ercol-33 penci-ercol-order-2 penci-sticky-sb penci-sidebarSC   elementor-column elementor-col-33 elementor-top-column elementor-element elementor-element-427432b\" data-id=\"427432b\" data-element_type=\"column\">\n\t\t\t<div class=\"elementor-widget-wrap elementor-element-populated\">\n\t\t\t\t\t\t<div class=\"elementor-element elementor-element-ad26145 elementor-widget elementor-widget-penci-text-block\" data-id=\"ad26145\" data-element_type=\"widget\" data-widget_type=\"penci-text-block.default\">\n\t\t\t\t<div class=\"elementor-widget-container\">\n\t\t\t\t\t\t\t<div class=\"penci-block-vc penci-text-editor\">\n\t\t\t    <div class=\"penci-border-arrow penci-homepage-title penci-home-latest-posts style-12 pcalign-center pciconp-left pcicon-left block-title-icon-left\">\n        <h3 class=\"inner-arrow\">\n        <span>\n                    <span>Stockholm<\/a>                <\/span>\n        <\/h3>\n\t\t        <\/div>\n\t\t\t\t\t<div class=\"penci-block_content\">\n\t\t\t\t<div class=\"elementor-text-editor elementor-clearfix\"><p dir=\"ltr\" style=\"margin: 0in; font-family: 'Times New Roman'; font-size: 12pt; color: black; text-align: center;\"><span style=\"font-weight: bold;\">Gamlebyplan 2<\/span><\/p>\n<p dir=\"ltr\" style=\"margin: 0in; font-family: 'Times New Roman'; font-size: 12pt; color: black; text-align: center;\"><span style=\"font-weight: bold;\">163 74 Sp\u00e5nga<\/span><\/p>\n<p dir=\"ltr\" style=\"margin: 0in; font-family: 'Times New Roman'; font-size: 12pt; color: black; text-align: center;\"><span style=\"font-weight: bold;\">Tel: 0700 47 48 43<\/span><\/p><\/div>\n\t\t\t<\/div>\n\t\t<\/div>\n\t\t\t\t\t\t<\/div>\n\t\t\t\t<\/div>\n\t\t\t\t<div class=\"elementor-element elementor-element-c84ada9 elementor-widget elementor-widget-text-editor\" data-id=\"c84ada9\" data-element_type=\"widget\" data-widget_type=\"text-editor.default\">\n\t\t\t\t<div class=\"elementor-widget-container\">\n\t\t\t\t\t\t\t\t\t<iframe src=\"https:\/\/www.google.com\/maps\/embed?pb=!1m18!1m12!1m3!1d2031.8047658196786!2d17.933770177231022!3d59.38628490646035!2m3!1f0!2f0!3f0!3m2!1i1024!2i768!4f13.1!3m3!1m2!1s0x465f9e6757a11915%3A0xf6b0d9c242dd093!2sGamlebyplan%202%2C%20163%2074%20Sp%C3%A5nga!5e0!3m2!1sen!2sse!4v1710797895427!5m2!1sen!2sse\" width=\"300\" height=\"250\" style=\"border:0;\" allowfullscreen=\"\" loading=\"lazy\" referrerpolicy=\"no-referrer-when-downgrade\"><\/iframe>\t\t\t\t\t\t\t\t<\/div>\n\t\t\t\t<\/div>\n\t\t\t\t<div class=\"elementor-element elementor-element-03d9593 elementor-widget elementor-widget-penci-button\" data-id=\"03d9593\" data-element_type=\"widget\" data-widget_type=\"penci-button.default\">\n\t\t\t\t<div class=\"elementor-widget-container\">\n\t\t\t\t\t\t\t<div class=\"pcbtn-wrapper pcbtn-align-center\">\n\t\t\t<a class=\"pcbtn pcbtn-icon-left\" \n\t\t\t\t\t\t\t\t\t\t\t\thref=\"https:\/\/www.asiapost.se\/ku\/contact-us\/\">\n\t\t\t\t<span class=\"pcbtn-wrapperin\">\n\t\t\t\t\t<span class=\"pcbtn-content\">\n\t\t\t\t\t\t\t\t\t\t\u0632\u0627\u0646\u06cc\u0627\u0631\u06cc \u0632\u06cc\u0627\u062a\u0631...\t\t\t<\/span>\n\t\t\t\t\t\t\t\t\t<\/span>\n\t\t\t<\/a>\n\t\t<\/div>\n\t\t\t\t\t\t<\/div>\n\t\t\t\t<\/div>\n\t\t\t\t\t<\/div>\n\t\t<\/div>\n\t\t\t\t<div class=\"penci-ercol-33 penci-ercol-order-3 penci-sticky-sb penci-sidebarSC   elementor-column elementor-col-33 elementor-top-column elementor-element elementor-element-6d80044e\" data-id=\"6d80044e\" data-element_type=\"column\">\n\t\t\t<div class=\"elementor-widget-wrap elementor-element-populated\">\n\t\t\t\t\t\t<div class=\"elementor-element elementor-element-8441bb2 elementor-widget elementor-widget-penci-text-block\" data-id=\"8441bb2\" data-element_type=\"widget\" data-widget_type=\"penci-text-block.default\">\n\t\t\t\t<div class=\"elementor-widget-container\">\n\t\t\t\t\t\t\t<div class=\"penci-block-vc penci-text-editor\">\n\t\t\t    <div class=\"penci-border-arrow penci-homepage-title penci-home-latest-posts style-12 pcalign-center pciconp-left pcicon-left block-title-icon-left\">\n        <h3 class=\"inner-arrow\">\n        <span>\n                    <span>V\u00e4ster\u00e5s<\/a>                <\/span>\n        <\/h3>\n\t\t        <\/div>\n\t\t\t\t\t<div class=\"penci-block_content\">\n\t\t\t\t<div class=\"elementor-text-editor elementor-clearfix\"><p dir=\"ltr\" style=\"margin: 0in; font-family: 'Times New Roman'; font-size: 12pt; color: black; text-align: left;\"><span style=\"font-weight: bold;\">B\u00e4ckby Torg 1<\/span><\/p>\n<p dir=\"ltr\" style=\"margin: 0in; font-family: 'Times New Roman'; font-size: 12pt; color: black; text-align: left;\"><span style=\"font-weight: bold;\">724 74 <\/span><span style=\"font-weight: bold;\">V\u00e4ster\u00e5s<\/span><\/p>\n<p dir=\"ltr\" style=\"margin: 0in; font-family: 'Times New Roman'; font-size: 12pt; color: black; text-align: left;\"><span style=\"font-weight: bold;\">Tel : 076 771 99 52<\/span><\/p><\/div>\n\t\t\t<\/div>\n\t\t<\/div>\n\t\t\t\t\t\t<\/div>\n\t\t\t\t<\/div>\n\t\t\t\t<div class=\"elementor-element elementor-element-89bf084 elementor-widget elementor-widget-text-editor\" data-id=\"89bf084\" data-element_type=\"widget\" data-widget_type=\"text-editor.default\">\n\t\t\t\t<div class=\"elementor-widget-container\">\n\t\t\t\t\t\t\t\t\t<iframe src=\"https:\/\/www.google.com\/maps\/embed?pb=!1m18!1m12!1m3!1d2019.0364100493518!2d16.469384295206797!3d59.59910712428708!2m3!1f0!2f0!3f0!3m2!1i1024!2i768!4f13.1!3m3!1m2!1s0x465e63d1c82bc8cf%3A0x44ce398fa3cd5420!2zQsOEQ0tCWSBUT1JHIDEsIDcyNCA3NCBWw6RzdGVyw6Vz!5e0!3m2!1sen!2sse!4v1710797562836!5m2!1sen!2sse\" width=\"300\" height=\"250\" style=\"border:0;\" allowfullscreen=\"\" loading=\"lazy\" referrerpolicy=\"no-referrer-when-downgrade\"><\/iframe>\t\t\t\t\t\t\t\t<\/div>\n\t\t\t\t<\/div>\n\t\t\t\t<div class=\"elementor-element elementor-element-c7931fe elementor-widget elementor-widget-penci-button\" data-id=\"c7931fe\" data-element_type=\"widget\" data-widget_type=\"penci-button.default\">\n\t\t\t\t<div class=\"elementor-widget-container\">\n\t\t\t\t\t\t\t<div class=\"pcbtn-wrapper pcbtn-align-center\">\n\t\t\t<a class=\"pcbtn pcbtn-icon-left\" \n\t\t\t\t\t\t\t\t\t\t\t\thref=\"https:\/\/www.asiapost.se\/ku\/contact-us\/\">\n\t\t\t\t<span class=\"pcbtn-wrapperin\">\n\t\t\t\t\t<span class=\"pcbtn-content\">\n\t\t\t\t\t\t\t\t\t\t\u0632\u0627\u0646\u06cc\u0627\u0631\u06cc \u0632\u06cc\u0627\u062a\u0631...\t\t\t<\/span>\n\t\t\t\t\t\t\t\t\t<\/span>\n\t\t\t<\/a>\n\t\t<\/div>\n\t\t\t\t\t\t<\/div>\n\t\t\t\t<\/div>\n\t\t\t\t\t<\/div>\n\t\t<\/div>\n\t\t\t\t\t<\/div>\n\t\t<\/section>\n\t\t\t\t<\/div>\n\t\t","protected":false},"excerpt":{"rendered":"<p>\u0628\u06d5\u062e\u06ce\u0631 \u0628\u06ce\u0646 \u0628\u06c6 \u0633\u06d5\u0646\u062a\u06d5\u0631\u06d5\u06a9\u0627\u0646\u06cc \u062e\u0632\u0645\u06d5\u062a\u06af\u0648\u0632\u0627\u0631\u06cc \u0626\u0627\u0633\u06cc\u0627 \u067e\u06c6\u0633\u062a \u0633\u06d5\u0646\u062a\u06d5\u0631\u06d5\u06a9\u0627\u0646\u06cc \u062e\u0632\u0645\u06d5\u062a\u06af\u0648\u0632\u0627\u0631\u06cc \u06a9\u06c6\u0645\u067e\u0627\u0646\u06cc\u0627\u06cc \u0626\u0627\u0633\u06cc\u0627 \u067e\u06c6\u0633\u062a \u0644\u06d5 \u062e\u0632\u0645\u06d5\u062a\u06cc \u0626\u06ce\u0648\u06d5 \u062f\u0627\u06cc\u06d5 G\u00f6teborg R\u00e4vebergsv\u00e4gen 116424 67 AngeredTel: 0722967771 \ufeff \u0632\u0627\u0646\u06cc\u0627\u0631\u06cc \u0632\u06cc\u0627\u062a\u0631&#8230; Stockholm Gamlebyplan 2 163 74&hellip;<\/p>\n","protected":false},"author":1,"featured_media":0,"parent":0,"menu_order":0,"comment_status":"closed","ping_status":"closed","template":"","meta":{"_lmt_disableupdate":"","_lmt_disable":"","footnotes":""},"class_list":["post-2289","page","type-page","status-publish","hentry"],"yoast_head":"<!-- This site is optimized with the Yoast SEO plugin v27.2 - https:\/\/yoast.com\/product\/yoast-seo-wordpress\/ -->\n<title>\u0633\u06d5\u0646\u062a\u06d5\u0631\u06d5\u06a9\u0627\u0646\u06cc \u062e\u0632\u0645\u06d5\u062a\u06af\u0648\u0632\u0627\u0631\u06cc - Asia Post<\/title>\n<meta name=\"robots\" content=\"index, follow, max-snippet:-1, max-image-preview:large, max-video-preview:-1\" \/>\n<link rel=\"canonical\" href=\"https:\/\/www.asiapost.se\/ku\/service-points\/\" \/>\n<meta property=\"og:locale\" content=\"en_US\" \/>\n<meta property=\"og:type\" content=\"article\" \/>\n<meta property=\"og:title\" content=\"\u0633\u06d5\u0646\u062a\u06d5\u0631\u06d5\u06a9\u0627\u0646\u06cc \u062e\u0632\u0645\u06d5\u062a\u06af\u0648\u0632\u0627\u0631\u06cc - Asia Post\" \/>\n<meta property=\"og:description\" content=\"\u0628\u06d5\u062e\u06ce\u0631 \u0628\u06ce\u0646 \u0628\u06c6 \u0633\u06d5\u0646\u062a\u06d5\u0631\u06d5\u06a9\u0627\u0646\u06cc \u062e\u0632\u0645\u06d5\u062a\u06af\u0648\u0632\u0627\u0631\u06cc \u0626\u0627\u0633\u06cc\u0627 \u067e\u06c6\u0633\u062a \u0633\u06d5\u0646\u062a\u06d5\u0631\u06d5\u06a9\u0627\u0646\u06cc \u062e\u0632\u0645\u06d5\u062a\u06af\u0648\u0632\u0627\u0631\u06cc \u06a9\u06c6\u0645\u067e\u0627\u0646\u06cc\u0627\u06cc \u0626\u0627\u0633\u06cc\u0627 \u067e\u06c6\u0633\u062a \u0644\u06d5 \u062e\u0632\u0645\u06d5\u062a\u06cc \u0626\u06ce\u0648\u06d5 \u062f\u0627\u06cc\u06d5 G\u00f6teborg R\u00e4vebergsv\u00e4gen 116424 67 AngeredTel: 0722967771 \ufeff \u0632\u0627\u0646\u06cc\u0627\u0631\u06cc \u0632\u06cc\u0627\u062a\u0631&#8230; Stockholm Gamlebyplan 2 163 74&hellip;\" \/>\n<meta property=\"og:url\" content=\"https:\/\/www.asiapost.se\/ku\/service-points\/\" \/>\n<meta property=\"og:site_name\" content=\"Asia Post\" \/>\n<meta property=\"article:modified_time\" content=\"2025-06-07T22:04:52+00:00\" \/>\n<meta name=\"twitter:card\" content=\"summary_large_image\" \/>\n<meta name=\"twitter:label1\" content=\"Est. reading time\" \/>\n\t<meta name=\"twitter:data1\" content=\"1 \u062e\u0648\u0644\u06d5\u06a9\" \/>\n<script type=\"application\/ld+json\" class=\"yoast-schema-graph\">{\"@context\":\"https:\/\/schema.org\",\"@graph\":[{\"@type\":\"WebPage\",\"@id\":\"https:\/\/www.asiapost.se\/ku\/service-points\/\",\"url\":\"https:\/\/www.asiapost.se\/ku\/service-points\/\",\"name\":\"\u0633\u06d5\u0646\u062a\u06d5\u0631\u06d5\u06a9\u0627\u0646\u06cc \u062e\u0632\u0645\u06d5\u062a\u06af\u0648\u0632\u0627\u0631\u06cc - Asia Post\",\"isPartOf\":{\"@id\":\"https:\/\/www.asiapost.se\/ku\/#website\"},\"datePublished\":\"2023-12-16T19:51:29+00:00\",\"dateModified\":\"2025-06-07T22:04:52+00:00\",\"breadcrumb\":{\"@id\":\"https:\/\/www.asiapost.se\/ku\/service-points\/#breadcrumb\"},\"inLanguage\":\"ckb\",\"potentialAction\":[{\"@type\":\"ReadAction\",\"target\":[\"https:\/\/www.asiapost.se\/ku\/service-points\/\"]}]},{\"@type\":\"BreadcrumbList\",\"@id\":\"https:\/\/www.asiapost.se\/ku\/service-points\/#breadcrumb\",\"itemListElement\":[{\"@type\":\"ListItem\",\"position\":1,\"name\":\"Home\",\"item\":\"https:\/\/www.asiapost.se\/ku\/\"},{\"@type\":\"ListItem\",\"position\":2,\"name\":\"\u0633\u06d5\u0646\u062a\u06d5\u0631\u06d5\u06a9\u0627\u0646\u06cc \u062e\u0632\u0645\u06d5\u062a\u06af\u0648\u0632\u0627\u0631\u06cc\"}]},{\"@type\":\"WebSite\",\"@id\":\"https:\/\/www.asiapost.se\/ku\/#website\",\"url\":\"https:\/\/www.asiapost.se\/ku\/\",\"name\":\"Asia Post\",\"description\":\"\u06a9\u06c6\u0645\u067e\u0627\u0646\u06cc\u0627\u06cc \u0626\u0627\u0633\u06cc\u0627 \u067e\u06c6\u0633\u062a \u0628\u06c6 \u06af\u0648\u0627\u0633\u062a\u0646\u06d5\u0648\u06d5 \u0648 \u06af\u06d5\u06cc\u0627\u0646\u062f\u0646\",\"potentialAction\":[{\"@type\":\"SearchAction\",\"target\":{\"@type\":\"EntryPoint\",\"urlTemplate\":\"https:\/\/www.asiapost.se\/ku\/?s={search_term_string}\"},\"query-input\":{\"@type\":\"PropertyValueSpecification\",\"valueRequired\":true,\"valueName\":\"search_term_string\"}}],\"inLanguage\":\"ckb\"}]}<\/script>\n<!-- \/ Yoast SEO plugin. -->","yoast_head_json":{"title":"\u0633\u06d5\u0646\u062a\u06d5\u0631\u06d5\u06a9\u0627\u0646\u06cc \u062e\u0632\u0645\u06d5\u062a\u06af\u0648\u0632\u0627\u0631\u06cc - Asia Post","robots":{"index":"index","follow":"follow","max-snippet":"max-snippet:-1","max-image-preview":"max-image-preview:large","max-video-preview":"max-video-preview:-1"},"canonical":"https:\/\/www.asiapost.se\/ku\/service-points\/","og_locale":"en_US","og_type":"article","og_title":"\u0633\u06d5\u0646\u062a\u06d5\u0631\u06d5\u06a9\u0627\u0646\u06cc \u062e\u0632\u0645\u06d5\u062a\u06af\u0648\u0632\u0627\u0631\u06cc - Asia Post","og_description":"\u0628\u06d5\u062e\u06ce\u0631 \u0628\u06ce\u0646 \u0628\u06c6 \u0633\u06d5\u0646\u062a\u06d5\u0631\u06d5\u06a9\u0627\u0646\u06cc \u062e\u0632\u0645\u06d5\u062a\u06af\u0648\u0632\u0627\u0631\u06cc \u0626\u0627\u0633\u06cc\u0627 \u067e\u06c6\u0633\u062a \u0633\u06d5\u0646\u062a\u06d5\u0631\u06d5\u06a9\u0627\u0646\u06cc \u062e\u0632\u0645\u06d5\u062a\u06af\u0648\u0632\u0627\u0631\u06cc \u06a9\u06c6\u0645\u067e\u0627\u0646\u06cc\u0627\u06cc \u0626\u0627\u0633\u06cc\u0627 \u067e\u06c6\u0633\u062a \u0644\u06d5 \u062e\u0632\u0645\u06d5\u062a\u06cc \u0626\u06ce\u0648\u06d5 \u062f\u0627\u06cc\u06d5 G\u00f6teborg R\u00e4vebergsv\u00e4gen 116424 67 AngeredTel: 0722967771 \ufeff \u0632\u0627\u0646\u06cc\u0627\u0631\u06cc \u0632\u06cc\u0627\u062a\u0631&#8230; Stockholm Gamlebyplan 2 163 74&hellip;","og_url":"https:\/\/www.asiapost.se\/ku\/service-points\/","og_site_name":"Asia Post","article_modified_time":"2025-06-07T22:04:52+00:00","twitter_card":"summary_large_image","twitter_misc":{"Est. reading time":"1 \u062e\u0648\u0644\u06d5\u06a9"},"schema":{"@context":"https:\/\/schema.org","@graph":[{"@type":"WebPage","@id":"https:\/\/www.asiapost.se\/ku\/service-points\/","url":"https:\/\/www.asiapost.se\/ku\/service-points\/","name":"\u0633\u06d5\u0646\u062a\u06d5\u0631\u06d5\u06a9\u0627\u0646\u06cc \u062e\u0632\u0645\u06d5\u062a\u06af\u0648\u0632\u0627\u0631\u06cc - Asia Post","isPartOf":{"@id":"https:\/\/www.asiapost.se\/ku\/#website"},"datePublished":"2023-12-16T19:51:29+00:00","dateModified":"2025-06-07T22:04:52+00:00","breadcrumb":{"@id":"https:\/\/www.asiapost.se\/ku\/service-points\/#breadcrumb"},"inLanguage":"ckb","potentialAction":[{"@type":"ReadAction","target":["https:\/\/www.asiapost.se\/ku\/service-points\/"]}]},{"@type":"BreadcrumbList","@id":"https:\/\/www.asiapost.se\/ku\/service-points\/#breadcrumb","itemListElement":[{"@type":"ListItem","position":1,"name":"Home","item":"https:\/\/www.asiapost.se\/ku\/"},{"@type":"ListItem","position":2,"name":"\u0633\u06d5\u0646\u062a\u06d5\u0631\u06d5\u06a9\u0627\u0646\u06cc \u062e\u0632\u0645\u06d5\u062a\u06af\u0648\u0632\u0627\u0631\u06cc"}]},{"@type":"WebSite","@id":"https:\/\/www.asiapost.se\/ku\/#website","url":"https:\/\/www.asiapost.se\/ku\/","name":"Asia Post","description":"\u06a9\u06c6\u0645\u067e\u0627\u0646\u06cc\u0627\u06cc \u0626\u0627\u0633\u06cc\u0627 \u067e\u06c6\u0633\u062a \u0628\u06c6 \u06af\u0648\u0627\u0633\u062a\u0646\u06d5\u0648\u06d5 \u0648 \u06af\u06d5\u06cc\u0627\u0646\u062f\u0646","potentialAction":[{"@type":"SearchAction","target":{"@type":"EntryPoint","urlTemplate":"https:\/\/www.asiapost.se\/ku\/?s={search_term_string}"},"query-input":{"@type":"PropertyValueSpecification","valueRequired":true,"valueName":"search_term_string"}}],"inLanguage":"ckb"}]}},"_links":{"self":[{"href":"https:\/\/www.asiapost.se\/ku\/wp-json\/wp\/v2\/pages\/2289","targetHints":{"allow":["GET"]}}],"collection":[{"href":"https:\/\/www.asiapost.se\/ku\/wp-json\/wp\/v2\/pages"}],"about":[{"href":"https:\/\/www.asiapost.se\/ku\/wp-json\/wp\/v2\/types\/page"}],"author":[{"embeddable":true,"href":"https:\/\/www.asiapost.se\/ku\/wp-json\/wp\/v2\/users\/1"}],"replies":[{"embeddable":true,"href":"https:\/\/www.asiapost.se\/ku\/wp-json\/wp\/v2\/comments?post=2289"}],"version-history":[{"count":0,"href":"https:\/\/www.asiapost.se\/ku\/wp-json\/wp\/v2\/pages\/2289\/revisions"}],"wp:attachment":[{"href":"https:\/\/www.asiapost.se\/ku\/wp-json\/wp\/v2\/media?parent=2289"}],"curies":[{"name":"wp","href":"https:\/\/api.w.org\/{rel}","templated":true}]}}